{"id":228,"date":"2024-10-24T15:20:53","date_gmt":"2024-10-24T15:20:53","guid":{"rendered":"https:\/\/rosaritobeachcondo.com\/?page_id=228"},"modified":"2024-10-27T20:28:54","modified_gmt":"2024-10-27T20:28:54","slug":"about-us","status":"publish","type":"page","link":"https:\/\/rosaritobeachcondo.com\/es\/about-us","title":{"rendered":"Nosotros"},"content":{"rendered":"<div data-elementor-type=\"wp-page\" data-elementor-id=\"228\" class=\"elementor elementor-228\">\n\t\t\t\t<div class=\"elementor-element elementor-element-d2a4553 e-flex e-con-boxed e-con e-parent\" data-id=\"d2a4553\" data-element_type=\"container\" data-settings=\"{&quot;background_background&quot;:&quot;classic&quot;}\">\n\t\t\t\t\t<div class=\"e-con-inner\">\n\t\t<div class=\"elementor-element elementor-element-db86031 e-con-full e-flex e-con e-child\" data-id=\"db86031\" data-element_type=\"container\">\n\t\t\t\t<div class=\"elementor-element elementor-element-1177797 elementor-widget elementor-widget-heading\" data-id=\"1177797\" data-element_type=\"widget\" data-widget_type=\"heading.default\">\n\t\t\t\t<div class=\"elementor-widget-container\">\n\t\t\t<h2 class=\"elementor-heading-title elementor-size-default\">Nosotros<\/h2>\t\t<\/div>\n\t\t\t\t<\/div>\n\t\t\t\t<\/div>\n\t\t\t\t\t<\/div>\n\t\t\t\t<\/div>\n\t\t<div class=\"elementor-element elementor-element-a928fab e-flex e-con-boxed e-con e-parent\" data-id=\"a928fab\" data-element_type=\"container\">\n\t\t\t\t\t<div class=\"e-con-inner\">\n\t\t\t\t<div class=\"elementor-element elementor-element-3cb489e elementor-widget elementor-widget-text-editor\" data-id=\"3cb489e\" data-element_type=\"widget\" data-widget_type=\"text-editor.default\">\n\t\t\t\t<div class=\"elementor-widget-container\">\n\t\t\t\t\t\t\t<div>Bienvenido a nuestras residencias privadas, ubicadas en el coraz\u00f3n de Playas de Rosarito. Nuestro exclusivo edificio de condominios con 17 pisos ofrece un estilo de vida lujoso y sereno, rodeado de la vibrante energ\u00eda de la ciudad.&nbsp;<br><br>Ubicados en hermosos terrenos hist\u00f3ricos, nos encontramos orgullosamente junto al ic\u00f3nico Rosarito Beach Hotel, ofreciendo a los residentes una combinaci\u00f3n perfecta de vida moderna y un rico patrimonio cultural.<br><br><span style=\"color: var( --e-global-color-text ); font-family: var( --e-global-typography-text-font-family ), Sans-serif; font-weight: var( --e-global-typography-text-font-weight ); text-align: var(--text-align); background-color: var(--ast-global-color-5); font-size: 1rem;\">Ya sea que est\u00e9 buscando un acogedor refugio de una habitaci\u00f3n o un amplio penthouse de tres habitaciones, nuestras residencias se adaptan a una variedad de gustos y estilos de vida. Con pintorescas vistas de la costa y f\u00e1cil acceso a las mejores cafeter\u00edas, restaurantes y atracciones locales, nuestra comunidad est\u00e1 dise\u00f1ada para ofrecer comodidad, relajaci\u00f3n y entretenimiento a su alcance.<\/span><\/div>\n<div>&nbsp;<\/div>\n<div><strong>Experimente una vida de lujo<\/strong> con todo el encanto de Rosarito Beach en un lugar que le encantar\u00e1 llamar hogar.<\/div>\n<ul>\n<li>Construido en 2008.<\/li>\n<li>271 unidades de condominios con 8 \u00e1reas comerciales.<\/li>\n<li>2 Piscinas.<\/li>\n<li>3 Jacuzzis.<\/li>\n<li>Gimnasio.<\/li>\n<li>Azotea con techo.<\/li>\n<li>3 Ascensores y 1 Ascensor de Servicio.<\/li>\n<li>Estacionamiento de 3 pisos.<\/li>\n<\/ul>\t\t\t\t\t\t<\/div>\n\t\t\t\t<\/div>\n\t\t\t\t\t<\/div>\n\t\t\t\t<\/div>\n\t\t\t\t<\/div>","protected":false},"excerpt":{"rendered":"<p>About Us Welcome to our private residences, located in the heart of Playas de Rosarito. Our unique 17-story condominium building [&hellip;]<\/p>","protected":false},"author":1,"featured_media":0,"parent":0,"menu_order":0,"comment_status":"closed","ping_status":"closed","template":"","meta":{"site-sidebar-layout":"no-sidebar","site-content-layout":"","ast-site-content-layout":"full-width-container","site-content-style":"default","site-sidebar-style":"default","ast-global-header-display":"","ast-banner-title-visibility":"","ast-main-header-display":"","ast-hfb-above-header-display":"","ast-hfb-below-header-display":"","ast-hfb-mobile-header-display":"","site-post-title":"disabled","ast-breadcrumbs-content":"","ast-featured-img":"disabled","footer-sml-layout":"","theme-transparent-header-meta":"","adv-header-id-meta":"","stick-header-meta":"","header-above-stick-meta":"","header-main-stick-meta":"","header-below-stick-meta":"","astra-migrate-meta-layouts":"default","ast-page-background-enabled":"default","ast-page-background-meta":{"desktop":{"background-color":"var(--ast-global-color-4)","background-image":"","background-repeat":"repeat","background-position":"center center","background-size":"auto","background-attachment":"scroll","background-type":"","background-media":"","overlay-type":"","overlay-color":"","overlay-opacity":"","overlay-gradient":""},"tablet":{"background-color":"","background-image":"","background-repeat":"repeat","background-position":"center center","background-size":"auto","background-attachment":"scroll","background-type":"","background-media":"","overlay-type":"","overlay-color":"","overlay-opacity":"","overlay-gradient":""},"mobile":{"background-color":"","background-image":"","background-repeat":"repeat","background-position":"center center","background-size":"auto","background-attachment":"scroll","background-type":"","background-media":"","overlay-type":"","overlay-color":"","overlay-opacity":"","overlay-gradient":""}},"ast-content-background-meta":{"desktop":{"background-color":"var(--ast-global-color-5)","background-image":"","background-repeat":"repeat","background-position":"center center","background-size":"auto","background-attachment":"scroll","background-type":"","background-media":"","overlay-type":"","overlay-color":"","overlay-opacity":"","overlay-gradient":""},"tablet":{"background-color":"var(--ast-global-color-5)","background-image":"","background-repeat":"repeat","background-position":"center center","background-size":"auto","background-attachment":"scroll","background-type":"","background-media":"","overlay-type":"","overlay-color":"","overlay-opacity":"","overlay-gradient":""},"mobile":{"background-color":"var(--ast-global-color-5)","background-image":"","background-repeat":"repeat","background-position":"center center","background-size":"auto","background-attachment":"scroll","background-type":"","background-media":"","overlay-type":"","overlay-color":"","overlay-opacity":"","overlay-gradient":""}},"footnotes":""},"class_list":["post-228","page","type-page","status-publish","hentry"],"_links":{"self":[{"href":"https:\/\/rosaritobeachcondo.com\/es\/wp-json\/wp\/v2\/pages\/228","targetHints":{"allow":["GET"]}}],"collection":[{"href":"https:\/\/rosaritobeachcondo.com\/es\/wp-json\/wp\/v2\/pages"}],"about":[{"href":"https:\/\/rosaritobeachcondo.com\/es\/wp-json\/wp\/v2\/types\/page"}],"author":[{"embeddable":true,"href":"https:\/\/rosaritobeachcondo.com\/es\/wp-json\/wp\/v2\/users\/1"}],"replies":[{"embeddable":true,"href":"https:\/\/rosaritobeachcondo.com\/es\/wp-json\/wp\/v2\/comments?post=228"}],"version-history":[{"count":29,"href":"https:\/\/rosaritobeachcondo.com\/es\/wp-json\/wp\/v2\/pages\/228\/revisions"}],"predecessor-version":[{"id":397,"href":"https:\/\/rosaritobeachcondo.com\/es\/wp-json\/wp\/v2\/pages\/228\/revisions\/397"}],"wp:attachment":[{"href":"https:\/\/rosaritobeachcondo.com\/es\/wp-json\/wp\/v2\/media?parent=228"}],"curies":[{"name":"wp","href":"https:\/\/api.w.org\/{rel}","templated":true}]}}