{"id":36,"date":"2024-10-24T03:37:04","date_gmt":"2024-10-24T03:37:04","guid":{"rendered":"https:\/\/rosaritobeachcondo.com\/?page_id=36"},"modified":"2024-11-05T00:59:39","modified_gmt":"2024-11-05T00:59:39","slug":"home","status":"publish","type":"page","link":"https:\/\/rosaritobeachcondo.com\/es\/","title":{"rendered":"Inicio"},"content":{"rendered":"<div data-elementor-type=\"wp-page\" data-elementor-id=\"36\" class=\"elementor elementor-36\">\n\t\t\t\t<div class=\"elementor-element elementor-element-a3c1cd8 e-con-full e-flex e-con e-parent\" data-id=\"a3c1cd8\" data-element_type=\"container\">\n\t\t\t\t<\/div>\n\t\t<div class=\"elementor-element elementor-element-726562f e-con-full e-flex e-con e-parent\" data-id=\"726562f\" data-element_type=\"container\">\n\t\t<div class=\"elementor-element elementor-element-72bacf6 e-grid e-con-full e-transform e-transform e-con e-child\" data-id=\"72bacf6\" data-element_type=\"container\" data-settings=\"{&quot;_transform_translateX_effect&quot;:{&quot;unit&quot;:&quot;px&quot;,&quot;size&quot;:&quot;&quot;,&quot;sizes&quot;:[]},&quot;_transform_translateX_effect_tablet&quot;:{&quot;unit&quot;:&quot;px&quot;,&quot;size&quot;:&quot;&quot;,&quot;sizes&quot;:[]},&quot;_transform_translateX_effect_mobile&quot;:{&quot;unit&quot;:&quot;px&quot;,&quot;size&quot;:&quot;&quot;,&quot;sizes&quot;:[]},&quot;_transform_translateY_effect&quot;:{&quot;unit&quot;:&quot;px&quot;,&quot;size&quot;:&quot;&quot;,&quot;sizes&quot;:[]},&quot;_transform_translateY_effect_tablet&quot;:{&quot;unit&quot;:&quot;px&quot;,&quot;size&quot;:&quot;&quot;,&quot;sizes&quot;:[]},&quot;_transform_translateY_effect_mobile&quot;:{&quot;unit&quot;:&quot;px&quot;,&quot;size&quot;:&quot;&quot;,&quot;sizes&quot;:[]},&quot;_transform_skewX_effect&quot;:{&quot;unit&quot;:&quot;px&quot;,&quot;size&quot;:&quot;&quot;,&quot;sizes&quot;:[]},&quot;_transform_skewX_effect_tablet&quot;:{&quot;unit&quot;:&quot;deg&quot;,&quot;size&quot;:&quot;&quot;,&quot;sizes&quot;:[]},&quot;_transform_skewX_effect_mobile&quot;:{&quot;unit&quot;:&quot;deg&quot;,&quot;size&quot;:&quot;&quot;,&quot;sizes&quot;:[]},&quot;_transform_skewY_effect&quot;:{&quot;unit&quot;:&quot;px&quot;,&quot;size&quot;:&quot;&quot;,&quot;sizes&quot;:[]},&quot;_transform_skewY_effect_tablet&quot;:{&quot;unit&quot;:&quot;deg&quot;,&quot;size&quot;:&quot;&quot;,&quot;sizes&quot;:[]},&quot;_transform_skewY_effect_mobile&quot;:{&quot;unit&quot;:&quot;deg&quot;,&quot;size&quot;:&quot;&quot;,&quot;sizes&quot;:[]}}\">\n\t\t\t\t<div class=\"elementor-element elementor-element-d4f0bd8 elementor-invisible elementor-widget elementor-widget-image\" data-id=\"d4f0bd8\" data-element_type=\"widget\" data-settings=\"{&quot;_animation&quot;:&quot;fadeInLeft&quot;}\" data-widget_type=\"image.default\">\n\t\t\t\t<div class=\"elementor-widget-container\">\n\t\t\t\t\t\t\t\t\t\t\t\t\t<img fetchpriority=\"high\" decoding=\"async\" width=\"811\" height=\"781\" src=\"https:\/\/rosaritobeachcondo.com\/wp-content\/uploads\/2024\/10\/home-condos-01-1.jpg\" class=\"attachment-large size-large wp-image-259\" alt=\"\" srcset=\"https:\/\/rosaritobeachcondo.com\/wp-content\/uploads\/2024\/10\/home-condos-01-1.jpg 811w, https:\/\/rosaritobeachcondo.com\/wp-content\/uploads\/2024\/10\/home-condos-01-1-300x289.jpg 300w, https:\/\/rosaritobeachcondo.com\/wp-content\/uploads\/2024\/10\/home-condos-01-1-768x740.jpg 768w\" sizes=\"(max-width: 811px) 100vw, 811px\" \/>\t\t\t\t\t\t\t\t\t\t\t\t\t<\/div>\n\t\t\t\t<\/div>\n\t\t<div class=\"elementor-element elementor-element-a299061 e-grid e-con-full elementor-invisible e-con e-child\" data-id=\"a299061\" data-element_type=\"container\" data-settings=\"{&quot;animation&quot;:&quot;fadeInRight&quot;}\">\n\t\t\t\t<div class=\"elementor-element elementor-element-d03951c elementor-drop-cap-yes elementor-drop-cap-view-default elementor-invisible elementor-widget elementor-widget-text-editor\" data-id=\"d03951c\" data-element_type=\"widget\" data-settings=\"{&quot;drop_cap&quot;:&quot;yes&quot;,&quot;_animation&quot;:&quot;fadeInRight&quot;}\" data-widget_type=\"text-editor.default\">\n\t\t\t\t<div class=\"elementor-widget-container\">\n\t\t\t\t\t\t\t<h1><span style=\"text-align: var(--text-align); background-color: var(--ast-global-color-5);\"><b>Prime Rosarito Location with Stunning Coastal Views<\/b><\/span><\/h1>\t\t\t\t\t\t<\/div>\n\t\t\t\t<\/div>\n\t\t\t\t<div class=\"elementor-element elementor-element-13687de elementor-widget elementor-widget-text-editor\" data-id=\"13687de\" data-element_type=\"widget\" data-widget_type=\"text-editor.default\">\n\t\t\t\t<div class=\"elementor-widget-container\">\n\t\t\t\t\t\t\t<p>Imag\u00ednate despertar con el sonido de las olas rompiendo y salir a tu balc\u00f3n para disfrutar de una taza de caf\u00e9 mientras te deleitas con impresionantes vistas al mar. Si has estado so\u00f1ando con un estilo de vida tranquilo junto a la playa, Rosarito, M\u00e9xico, podr\u00eda ser el lugar perfecto para ti.<\/p><p><strong>Ubicado a lo largo de la impresionante costa de Baja California, Rosarito te ofrece mucho m\u00e1s que solo hermosos paisajes.<\/strong> Es un lugar donde realmente puedes reducir la velocidad, relajarte y disfrutar la vida a tu propio ritmo.\u00a0<\/p><p style=\"text-align: center;\"><a href=\"http:\/\/rosaritobeachcondo.com\/wp-content\/uploads\/2024\/10\/Architectural-Plans.pdf\">Planos Arquitect\u00f3nicos<\/a><\/p>\t\t\t\t\t\t<\/div>\n\t\t\t\t<\/div>\n\t\t\t\t<\/div>\n\t\t\t\t<\/div>\n\t\t\t\t<\/div>\n\t\t<div class=\"elementor-element elementor-element-fc06f70 e-flex e-con-boxed e-con e-parent\" data-id=\"fc06f70\" data-element_type=\"container\" data-settings=\"{&quot;background_background&quot;:&quot;classic&quot;}\">\n\t\t\t\t\t<div class=\"e-con-inner\">\n\t\t<div class=\"elementor-element elementor-element-db1224d e-grid e-con-full e-con e-child\" data-id=\"db1224d\" data-element_type=\"container\">\n\t\t\t\t<div class=\"elementor-element elementor-element-9fa4440 eael-dual-header-content-align-left elementor-widget elementor-widget-eael-dual-color-header\" data-id=\"9fa4440\" data-element_type=\"widget\" data-widget_type=\"eael-dual-color-header.default\">\n\t\t\t\t<div class=\"elementor-widget-container\">\n\t\t\t\t\t\t<div class=\"eael-dual-header\">\n\t\t\t\t<h2 class=\"title translation-block\"><span class=\"lead solid-color\">Condominios<\/span>\n\t\t\t<span>Para Vivir<\/span><\/h2>\t\t\t\t<span class=\"subtext\"><p>From <strong>luxury high-rises with amazing amenities<\/strong> to <strong>charming beachfront villas<\/strong>, there\u2019s something here for everyone. Plus, Rosarito\u2019s welcoming expat community, lively local culture, and delicious food scene will make you feel right at home. And if you&#8217;re into water sports or just love being near the ocean, you\u2019ll never run out of things to do.<\/p><p class=\" translation-block\"><strong>Si est\u00e1s listo para convertir este sue\u00f1o en una realidad, ahora es el momento.<\/strong> Echa un vistazo a los condominios en venta o renta en Rosarito y comienza a vivir esa vida de playa que siempre has imaginado. Rosarito no es solo un destino, es un estilo de vida que espera a que lo hagas tuyo.<\/p><\/span>\n\t\t\t\t\t\t\t<\/div>\n\n\t\t\t\t<\/div>\n\t\t\t\t<\/div>\n\t\t\t\t<div class=\"elementor-element elementor-element-98bea27 elementor-widget elementor-widget-eael-image-accordion\" data-id=\"98bea27\" data-element_type=\"widget\" data-widget_type=\"eael-image-accordion.default\">\n\t\t\t\t<div class=\"elementor-widget-container\">\n\t\t\t    <div class=\"eael-img-accordion accordion-direction-horizontal eael-img-accordion-horizontal-align-center eael-img-accordion-vertical-align-center\" id=\"eael-img-accordion-98bea27\" data-img-accordion-id=\"98bea27\" data-img-accordion-type=\"on-hover\">\n                    \n            <div class=\"eael-image-accordion-hover eael-image-accordion-item overlay-active\" style=\"background-image: url(http:\/\/rosaritobeachcondo.com\/wp-content\/uploads\/2024\/10\/Condo-building1.jpg); flex: 3 1 0%;\"  tabindex=\"0\">\n                <div class=\"overlay\">\n                    <div class=\"overlay-inner  overlay-inner-show\">\n                                            <\/div>\n                <\/div>\n            <\/div>\n                    \n            <div class=\"eael-image-accordion-hover eael-image-accordion-item\" style=\"background-image: url(http:\/\/rosaritobeachcondo.com\/wp-content\/uploads\/2024\/10\/Main-Building.jpg);\"  tabindex=\"0\">\n                <div class=\"overlay\">\n                    <div class=\"overlay-inner\">\n                                            <\/div>\n                <\/div>\n            <\/div>\n                    \n            <div class=\"eael-image-accordion-hover eael-image-accordion-item\" style=\"background-image: url(http:\/\/rosaritobeachcondo.com\/wp-content\/uploads\/2024\/10\/Condo-sea.jpg);\"  tabindex=\"0\">\n                <div class=\"overlay\">\n                    <div class=\"overlay-inner\">\n                                            <\/div>\n                <\/div>\n            <\/div>\n                    \n            <div class=\"eael-image-accordion-hover eael-image-accordion-item\" style=\"background-image: url(http:\/\/rosaritobeachcondo.com\/wp-content\/uploads\/2024\/10\/Condo-building2.jpg);\"  tabindex=\"0\">\n                <div class=\"overlay\">\n                    <div class=\"overlay-inner\">\n                                            <\/div>\n                <\/div>\n            <\/div>\n                <\/div>\n        <style typr=\"text\/css\">\n                    #eael-img-accordion-98bea27 .eael-image-accordion-hover:hover {\n                        flex: 3 1 0% !important;\n                    }\n                    #eael-img-accordion-98bea27 .eael-image-accordion-hover:hover:hover .overlay-inner * {\n                        opacity: 1;\n                        visibility: visible;\n                        transform: none;\n                        transition: all .3s .3s;\n                    }\n                <\/style>\t\t<\/div>\n\t\t\t\t<\/div>\n\t\t\t\t<\/div>\n\t\t\t\t\t<\/div>\n\t\t\t\t<\/div>\n\t\t<div class=\"elementor-element elementor-element-a6ba1d6 e-flex e-con-boxed e-con e-parent\" data-id=\"a6ba1d6\" data-element_type=\"container\" data-settings=\"{&quot;background_background&quot;:&quot;classic&quot;}\">\n\t\t\t\t\t<div class=\"e-con-inner\">\n\t\t\t\t<div class=\"elementor-element elementor-element-d4507b5 elementor-widget elementor-widget-video\" data-id=\"d4507b5\" data-element_type=\"widget\" data-settings=\"{&quot;youtube_url&quot;:&quot;https:\\\/\\\/www.youtube.com\\\/watch?v=gLs_vBNPBFI&quot;,&quot;video_type&quot;:&quot;youtube&quot;,&quot;controls&quot;:&quot;yes&quot;}\" data-widget_type=\"video.default\">\n\t\t\t\t<div class=\"elementor-widget-container\">\n\t\t\t\t\t<div class=\"elementor-wrapper elementor-open-inline\">\n\t\t\t<div class=\"elementor-video\"><\/div>\t\t<\/div>\n\t\t\t\t<\/div>\n\t\t\t\t<\/div>\n\t\t\t\t\t<\/div>\n\t\t\t\t<\/div>\n\t\t<div class=\"elementor-element elementor-element-50c5a51 e-flex e-con-boxed e-con e-parent\" data-id=\"50c5a51\" data-element_type=\"container\">\n\t\t\t\t\t<div class=\"e-con-inner\">\n\t\t<div class=\"elementor-element elementor-element-e054ba9 e-con-full e-flex e-con e-child\" data-id=\"e054ba9\" data-element_type=\"container\" data-settings=\"{&quot;background_background&quot;:&quot;classic&quot;}\">\n\t\t\t\t<div class=\"elementor-element elementor-element-db28120 elementor-widget elementor-widget-foogallery\" data-id=\"db28120\" data-element_type=\"widget\" data-widget_type=\"foogallery.default\">\n\t\t\t\t<div class=\"elementor-widget-container\">\n\t\t\t<style type=\"text\/css\">\r\n\t#foogallery-gallery-329 .fg-image {\r\n        width: 160px;\r\n    }\r\n<\/style>\r\n\t\t\t\t<div class=\"foogallery foogallery-container foogallery-default foogallery-lightbox-foogallery fg-gutter-10 fg-center fg-default fg-light fg-border-thin fg-shadow-outline fg-loading-default fg-loaded-fade-in fg-caption-hover fg-hover-fade fg-hover-zoom fg-ready\" id=\"foogallery-gallery-329\" data-foogallery=\"{&quot;item&quot;:{&quot;showCaptionTitle&quot;:true,&quot;showCaptionDescription&quot;:true},&quot;lazy&quot;:true}\" data-foogallery-lightbox=\"{&quot;thumbs&quot;:&quot;bottom&quot;,&quot;thumbsCaptions&quot;:false,&quot;thumbsBestFit&quot;:false,&quot;thumbsSmall&quot;:false,&quot;thumbsCaptionsAlign&quot;:&quot;default&quot;,&quot;info&quot;:&quot;bottom&quot;,&quot;infoVisible&quot;:true,&quot;infoOverlay&quot;:true,&quot;infoAlign&quot;:&quot;default&quot;,&quot;transition&quot;:&quot;fade&quot;,&quot;hoverButtons&quot;:false,&quot;fitMedia&quot;:true,&quot;noScrollbars&quot;:true,&quot;preserveButtonSpace&quot;:true,&quot;buttons&quot;:{&quot;fullscreen&quot;:true,&quot;info&quot;:true,&quot;thumbs&quot;:false},&quot;video&quot;:{&quot;autoPlay&quot;:true}}\" >\r\n\t<div class=\"fg-item fg-type-image fg-idle\"><figure class=\"fg-item-inner\"><a href=\"https:\/\/rosaritobeachcondo.com\/wp-content\/uploads\/2024\/10\/TV.jpg\" data-attachment-id=\"316\" data-type=\"image\" class=\"fg-thumb\"><span class=\"fg-image-wrap\"><img decoding=\"async\" width=\"160\" height=\"160\" class=\"skip-lazy fg-image\" data-src-fg=\"https:\/\/rosaritobeachcondo.com\/wp-content\/uploads\/cache\/2024\/10\/TV\/3287541.jpg\" src=\"data:image\/svg+xml,%3Csvg%20xmlns%3D%22http%3A%2F%2Fwww.w3.org%2F2000%2Fsvg%22%20width%3D%22160%22%20height%3D%22160%22%20viewBox%3D%220%200%20160%20160%22%3E%3C%2Fsvg%3E\" loading=\"eager\"><\/span><span class=\"fg-image-overlay\"><\/span><\/a><figcaption class=\"fg-caption\"><div class=\"fg-caption-inner\"><\/div><\/figcaption><\/figure><div class=\"fg-loader\"><\/div><\/div><div class=\"fg-item fg-type-image fg-idle\"><figure class=\"fg-item-inner\"><a href=\"https:\/\/rosaritobeachcondo.com\/wp-content\/uploads\/2024\/10\/rosarito-building2.jpg\" data-attachment-id=\"315\" data-type=\"image\" class=\"fg-thumb\"><span class=\"fg-image-wrap\"><img decoding=\"async\" width=\"160\" height=\"160\" class=\"skip-lazy fg-image\" data-src-fg=\"https:\/\/rosaritobeachcondo.com\/wp-content\/uploads\/cache\/2024\/10\/rosarito-building2\/257922224.jpg\" src=\"data:image\/svg+xml,%3Csvg%20xmlns%3D%22http%3A%2F%2Fwww.w3.org%2F2000%2Fsvg%22%20width%3D%22160%22%20height%3D%22160%22%20viewBox%3D%220%200%20160%20160%22%3E%3C%2Fsvg%3E\" loading=\"eager\"><\/span><span class=\"fg-image-overlay\"><\/span><\/a><figcaption class=\"fg-caption\"><div class=\"fg-caption-inner\"><\/div><\/figcaption><\/figure><div class=\"fg-loader\"><\/div><\/div><div class=\"fg-item fg-type-image fg-idle\"><figure class=\"fg-item-inner\"><a href=\"https:\/\/rosaritobeachcondo.com\/wp-content\/uploads\/2024\/10\/Pool1.jpg\" data-attachment-id=\"314\" data-type=\"image\" class=\"fg-thumb\"><span class=\"fg-image-wrap\"><img decoding=\"async\" width=\"160\" height=\"160\" class=\"skip-lazy fg-image\" data-src-fg=\"https:\/\/rosaritobeachcondo.com\/wp-content\/uploads\/cache\/2024\/10\/Pool1\/189386172.jpg\" src=\"data:image\/svg+xml,%3Csvg%20xmlns%3D%22http%3A%2F%2Fwww.w3.org%2F2000%2Fsvg%22%20width%3D%22160%22%20height%3D%22160%22%20viewBox%3D%220%200%20160%20160%22%3E%3C%2Fsvg%3E\" loading=\"eager\"><\/span><span class=\"fg-image-overlay\"><\/span><\/a><figcaption class=\"fg-caption\"><div class=\"fg-caption-inner\"><\/div><\/figcaption><\/figure><div class=\"fg-loader\"><\/div><\/div><div class=\"fg-item fg-type-image fg-idle\"><figure class=\"fg-item-inner\"><a href=\"https:\/\/rosaritobeachcondo.com\/wp-content\/uploads\/2024\/10\/Parking1.jpg\" data-attachment-id=\"313\" data-type=\"image\" class=\"fg-thumb\"><span class=\"fg-image-wrap\"><img decoding=\"async\" width=\"160\" height=\"160\" class=\"skip-lazy fg-image\" data-src-fg=\"https:\/\/rosaritobeachcondo.com\/wp-content\/uploads\/cache\/2024\/10\/Parking1\/2024544324.jpg\" src=\"data:image\/svg+xml,%3Csvg%20xmlns%3D%22http%3A%2F%2Fwww.w3.org%2F2000%2Fsvg%22%20width%3D%22160%22%20height%3D%22160%22%20viewBox%3D%220%200%20160%20160%22%3E%3C%2Fsvg%3E\" loading=\"eager\"><\/span><span class=\"fg-image-overlay\"><\/span><\/a><figcaption class=\"fg-caption\"><div class=\"fg-caption-inner\"><\/div><\/figcaption><\/figure><div class=\"fg-loader\"><\/div><\/div><div class=\"fg-item fg-type-image fg-idle\"><figure class=\"fg-item-inner\"><a href=\"https:\/\/rosaritobeachcondo.com\/wp-content\/uploads\/2024\/10\/Living-Room.jpg\" data-attachment-id=\"312\" data-type=\"image\" class=\"fg-thumb\"><span class=\"fg-image-wrap\"><img decoding=\"async\" width=\"160\" height=\"160\" class=\"skip-lazy fg-image\" data-src-fg=\"https:\/\/rosaritobeachcondo.com\/wp-content\/uploads\/cache\/2024\/10\/Living-Room\/3745084712.jpg\" src=\"data:image\/svg+xml,%3Csvg%20xmlns%3D%22http%3A%2F%2Fwww.w3.org%2F2000%2Fsvg%22%20width%3D%22160%22%20height%3D%22160%22%20viewBox%3D%220%200%20160%20160%22%3E%3C%2Fsvg%3E\" loading=\"eager\"><\/span><span class=\"fg-image-overlay\"><\/span><\/a><figcaption class=\"fg-caption\"><div class=\"fg-caption-inner\"><\/div><\/figcaption><\/figure><div class=\"fg-loader\"><\/div><\/div><div class=\"fg-item fg-type-image fg-idle\"><figure class=\"fg-item-inner\"><a href=\"https:\/\/rosaritobeachcondo.com\/wp-content\/uploads\/2024\/10\/hotel2.jpg\" data-attachment-id=\"311\" data-type=\"image\" class=\"fg-thumb\"><span class=\"fg-image-wrap\"><img decoding=\"async\" width=\"160\" height=\"160\" class=\"skip-lazy fg-image\" data-src-fg=\"https:\/\/rosaritobeachcondo.com\/wp-content\/uploads\/cache\/2024\/10\/hotel2\/4004719653.jpg\" src=\"data:image\/svg+xml,%3Csvg%20xmlns%3D%22http%3A%2F%2Fwww.w3.org%2F2000%2Fsvg%22%20width%3D%22160%22%20height%3D%22160%22%20viewBox%3D%220%200%20160%20160%22%3E%3C%2Fsvg%3E\" loading=\"eager\"><\/span><span class=\"fg-image-overlay\"><\/span><\/a><figcaption class=\"fg-caption\"><div class=\"fg-caption-inner\"><\/div><\/figcaption><\/figure><div class=\"fg-loader\"><\/div><\/div><div class=\"fg-item fg-type-image fg-idle\"><figure class=\"fg-item-inner\"><a href=\"https:\/\/rosaritobeachcondo.com\/wp-content\/uploads\/2024\/10\/Bedroom.jpg\" data-attachment-id=\"310\" data-type=\"image\" class=\"fg-thumb\"><span class=\"fg-image-wrap\"><img decoding=\"async\" width=\"160\" height=\"160\" class=\"skip-lazy fg-image\" data-src-fg=\"https:\/\/rosaritobeachcondo.com\/wp-content\/uploads\/cache\/2024\/10\/Bedroom\/1874469264.jpg\" src=\"data:image\/svg+xml,%3Csvg%20xmlns%3D%22http%3A%2F%2Fwww.w3.org%2F2000%2Fsvg%22%20width%3D%22160%22%20height%3D%22160%22%20viewBox%3D%220%200%20160%20160%22%3E%3C%2Fsvg%3E\" loading=\"eager\"><\/span><span class=\"fg-image-overlay\"><\/span><\/a><figcaption class=\"fg-caption\"><div class=\"fg-caption-inner\"><\/div><\/figcaption><\/figure><div class=\"fg-loader\"><\/div><\/div><div class=\"fg-item fg-type-image fg-idle\"><figure class=\"fg-item-inner\"><a href=\"https:\/\/rosaritobeachcondo.com\/wp-content\/uploads\/2024\/10\/Bathroom.jpg\" data-attachment-id=\"309\" data-type=\"image\" class=\"fg-thumb\"><span class=\"fg-image-wrap\"><img decoding=\"async\" width=\"160\" height=\"160\" class=\"skip-lazy fg-image\" data-src-fg=\"https:\/\/rosaritobeachcondo.com\/wp-content\/uploads\/cache\/2024\/10\/Bathroom\/1503099951.jpg\" src=\"data:image\/svg+xml,%3Csvg%20xmlns%3D%22http%3A%2F%2Fwww.w3.org%2F2000%2Fsvg%22%20width%3D%22160%22%20height%3D%22160%22%20viewBox%3D%220%200%20160%20160%22%3E%3C%2Fsvg%3E\" loading=\"eager\"><\/span><span class=\"fg-image-overlay\"><\/span><\/a><figcaption class=\"fg-caption\"><div class=\"fg-caption-inner\"><\/div><\/figcaption><\/figure><div class=\"fg-loader\"><\/div><\/div><div class=\"fg-item fg-type-image fg-idle\"><figure class=\"fg-item-inner\"><a href=\"https:\/\/rosaritobeachcondo.com\/wp-content\/uploads\/2024\/10\/Balcony.jpg\" data-attachment-id=\"308\" data-type=\"image\" class=\"fg-thumb\"><span class=\"fg-image-wrap\"><img decoding=\"async\" width=\"160\" height=\"160\" class=\"skip-lazy fg-image\" data-src-fg=\"https:\/\/rosaritobeachcondo.com\/wp-content\/uploads\/cache\/2024\/10\/Balcony\/2674358202.jpg\" src=\"data:image\/svg+xml,%3Csvg%20xmlns%3D%22http%3A%2F%2Fwww.w3.org%2F2000%2Fsvg%22%20width%3D%22160%22%20height%3D%22160%22%20viewBox%3D%220%200%20160%20160%22%3E%3C%2Fsvg%3E\" loading=\"eager\"><\/span><span class=\"fg-image-overlay\"><\/span><\/a><figcaption class=\"fg-caption\"><div class=\"fg-caption-inner\"><\/div><\/figcaption><\/figure><div class=\"fg-loader\"><\/div><\/div><\/div>\r\n\t\t<\/div>\n\t\t\t\t<\/div>\n\t\t\t\t<\/div>\n\t\t<div class=\"elementor-element elementor-element-bad99e1 e-con-full e-flex e-con e-child\" data-id=\"bad99e1\" data-element_type=\"container\">\n\t\t\t\t<div class=\"elementor-element elementor-element-5afad50 content-align-cta-default elementor-widget elementor-widget-eael-cta-box\" data-id=\"5afad50\" data-element_type=\"widget\" data-widget_type=\"eael-cta-box.default\">\n\t\t\t\t<div class=\"elementor-widget-container\">\n\t\t\t\t\t<div class=\"eael-call-to-action cta-basic bg-lite cta-preset-1\">\n        <h2 class=\"title\">Construido en 2008.<\/h2><ul><li>271 unidades de condominios con 8 \u00e1reas comerciales.<\/li><li>2 Piscinas.<\/li><li>3 Jacuzzis.<\/li><li>Gimnasio.<\/li><li>Azotea con techo.<\/li><li>3 Ascensores y 1 Ascensor de Servicio.<\/li><li>Estacionamiento de 3 pisos.<\/li><\/ul><a href=\"https:\/\/rosaritobeachcondo.com\/wp-content\/uploads\/2024\/10\/Architectural-Plans.pdf\" class=\"cta-button  effect-1\">Planos Arquitect\u00f3nicos<\/a>\t<\/div>\n\t\t\t\t\t\t<\/div>\n\t\t\t\t<\/div>\n\t\t\t\t<\/div>\n\t\t\t\t\t<\/div>\n\t\t\t\t<\/div>\n\t\t\t\t<\/div>","protected":false},"excerpt":{"rendered":"<p>Prime Rosarito Location with Stunning Coastal Views Picture yourself waking up to the sound of waves crashing and stepping out [&hellip;]<\/p>","protected":false},"author":1,"featured_media":0,"parent":0,"menu_order":0,"comment_status":"closed","ping_status":"closed","template":"","meta":{"site-sidebar-layout":"no-sidebar","site-content-layout":"plain-container","ast-site-content-layout":"full-width-container","site-content-style":"default","site-sidebar-style":"default","ast-global-header-display":"","ast-banner-title-visibility":"","ast-main-header-display":"","ast-hfb-above-header-display":"","ast-hfb-below-header-display":"","ast-hfb-mobile-header-display":"","site-post-title":"disabled","ast-breadcrumbs-content":"","ast-featured-img":"disabled","footer-sml-layout":"","theme-transparent-header-meta":"disabled","adv-header-id-meta":"","stick-header-meta":"","header-above-stick-meta":"","header-main-stick-meta":"","header-below-stick-meta":"","astra-migrate-meta-layouts":"default","ast-page-background-enabled":"default","ast-page-background-meta":{"desktop":{"background-color":"var(--ast-global-color-4)","background-image":"","background-repeat":"repeat","background-position":"center center","background-size":"auto","background-attachment":"scroll","background-type":"","background-media":"","overlay-type":"","overlay-color":"","overlay-opacity":"","overlay-gradient":""},"tablet":{"background-color":"","background-image":"","background-repeat":"repeat","background-position":"center center","background-size":"auto","background-attachment":"scroll","background-type":"","background-media":"","overlay-type":"","overlay-color":"","overlay-opacity":"","overlay-gradient":""},"mobile":{"background-color":"","background-image":"","background-repeat":"repeat","background-position":"center center","background-size":"auto","background-attachment":"scroll","background-type":"","background-media":"","overlay-type":"","overlay-color":"","overlay-opacity":"","overlay-gradient":""}},"ast-content-background-meta":{"desktop":{"background-color":"var(--ast-global-color-5)","background-image":"","background-repeat":"repeat","background-position":"center center","background-size":"auto","background-attachment":"scroll","background-type":"","background-media":"","overlay-type":"","overlay-color":"","overlay-opacity":"","overlay-gradient":""},"tablet":{"background-color":"var(--ast-global-color-5)","background-image":"","background-repeat":"repeat","background-position":"center center","background-size":"auto","background-attachment":"scroll","background-type":"","background-media":"","overlay-type":"","overlay-color":"","overlay-opacity":"","overlay-gradient":""},"mobile":{"background-color":"var(--ast-global-color-5)","background-image":"","background-repeat":"repeat","background-position":"center center","background-size":"auto","background-attachment":"scroll","background-type":"","background-media":"","overlay-type":"","overlay-color":"","overlay-opacity":"","overlay-gradient":""}},"footnotes":""},"class_list":["post-36","page","type-page","status-publish","hentry"],"_links":{"self":[{"href":"https:\/\/rosaritobeachcondo.com\/es\/wp-json\/wp\/v2\/pages\/36","targetHints":{"allow":["GET"]}}],"collection":[{"href":"https:\/\/rosaritobeachcondo.com\/es\/wp-json\/wp\/v2\/pages"}],"about":[{"href":"https:\/\/rosaritobeachcondo.com\/es\/wp-json\/wp\/v2\/types\/page"}],"author":[{"embeddable":true,"href":"https:\/\/rosaritobeachcondo.com\/es\/wp-json\/wp\/v2\/users\/1"}],"replies":[{"embeddable":true,"href":"https:\/\/rosaritobeachcondo.com\/es\/wp-json\/wp\/v2\/comments?post=36"}],"version-history":[{"count":218,"href":"https:\/\/rosaritobeachcondo.com\/es\/wp-json\/wp\/v2\/pages\/36\/revisions"}],"predecessor-version":[{"id":528,"href":"https:\/\/rosaritobeachcondo.com\/es\/wp-json\/wp\/v2\/pages\/36\/revisions\/528"}],"wp:attachment":[{"href":"https:\/\/rosaritobeachcondo.com\/es\/wp-json\/wp\/v2\/media?parent=36"}],"curies":[{"name":"wp","href":"https:\/\/api.w.org\/{rel}","templated":true}]}}