{"id":448,"date":"2024-10-28T03:01:30","date_gmt":"2024-10-28T03:01:30","guid":{"rendered":"https:\/\/rosaritobeachcondo.com\/?page_id=448"},"modified":"2026-01-16T18:09:38","modified_gmt":"2026-01-16T18:09:38","slug":"faq","status":"publish","type":"page","link":"https:\/\/rosaritobeachcondo.com\/es\/faq","title":{"rendered":"Preguntas Frecuentes"},"content":{"rendered":"<div data-elementor-type=\"wp-page\" data-elementor-id=\"448\" class=\"elementor elementor-448\">\n\t\t\t\t<div class=\"elementor-element elementor-element-cf59058 e-con-full e-flex e-con e-parent\" data-id=\"cf59058\" data-element_type=\"container\" data-settings=\"{&quot;background_background&quot;:&quot;classic&quot;}\">\n\t\t<div class=\"elementor-element elementor-element-96cd1af e-flex e-con-boxed e-con e-child\" data-id=\"96cd1af\" data-element_type=\"container\">\n\t\t\t\t\t<div class=\"e-con-inner\">\n\t\t\t\t<div class=\"elementor-element elementor-element-d40ff1d elementor-widget elementor-widget-heading\" data-id=\"d40ff1d\" data-element_type=\"widget\" data-widget_type=\"heading.default\">\n\t\t\t\t<div class=\"elementor-widget-container\">\n\t\t\t<h2 class=\"elementor-heading-title elementor-size-default\">Preguntas Frecuentes<\/h2>\t\t<\/div>\n\t\t\t\t<\/div>\n\t\t\t\t\t<\/div>\n\t\t\t\t<\/div>\n\t\t\t\t<\/div>\n\t\t<div class=\"elementor-element elementor-element-09d9b06 e-flex e-con-boxed e-con e-parent\" data-id=\"09d9b06\" data-element_type=\"container\">\n\t\t\t\t\t<div class=\"e-con-inner\">\n\t\t\t\t<div class=\"elementor-element elementor-element-3b6d509 elementor-widget elementor-widget-elementskit-accordion\" data-id=\"3b6d509\" data-element_type=\"widget\" data-widget_type=\"elementskit-accordion.default\">\n\t\t\t\t<div class=\"elementor-widget-container\">\n\t\t\t<div class=\"ekit-wid-con\" >\n        <div class=\"elementskit-accordion accoedion-primary\" id=\"accordion-69e36a33d6b40\">\n\n            \n                <div class=\"elementskit-card active\">\n                    <div class=\"elementskit-card-header\" id=\"primaryHeading-0-3b6d509\">\n                        <a href=\"#collapse-327b09669e36a33d6b40\" class=\"ekit-accordion--toggler elementskit-btn-link collapsed\" data-ekit-toggle=\"collapse\" data-target=\"#Collapse-327b09669e36a33d6b40\" aria-expanded=\"true\" aria-controls=\"Collapse-327b09669e36a33d6b40\">\n                            \n                            <span class=\"ekit-accordion-title\">\u00bfEste edificio es un hotel o un condominio?<\/span>\n\n                            \n                                <div class=\"ekit_accordion_icon_group\">\n                                    <div class=\"ekit_accordion_normal_icon\">\n                                        <!-- Normal Icon -->\n                                        <i aria-hidden=\"true\" class=\"icon-open icon-right icon icon-down-arrow1\"><\/i>                                    <\/div>\n\n                                    <div class=\"ekit_accordion_active_icon\">\n                                        <!-- Active Icon -->\n                                        <i aria-hidden=\"true\" class=\"icon-closed icon-right icon icon-up-arrow\"><\/i>                                    <\/div>\n\n                                <\/div>\n\n                            \n                                                    <\/a>\n                    <\/div>\n\n                    <div id=\"Collapse-327b09669e36a33d6b40\" class=\"show collapse\" aria-labelledby=\"primaryHeading-0-3b6d509\" data-parent=\"#accordion-69e36a33d6b40\">\n\n                        <div class=\"elementskit-card-body ekit-accordion--content\">\n                            <p>El edificio es en un 77 % de propiedad privada y muchas unidades se utilizan como residencias privadas. Algunos propietarios tambi\u00e9n optan por alquilar sus unidades a trav\u00e9s de entidades de terceros o programas de alquiler, seg\u00fan sus preferencias y acuerdos individuales.<\/p>                        <\/div>\n\n                    <\/div>\n\n                <\/div><!-- .elementskit-card END -->\n\n                \n                <div class=\"elementskit-card\">\n                    <div class=\"elementskit-card-header\" id=\"primaryHeading-1-3b6d509\">\n                        <a href=\"#collapse-9e626d269e36a33d6b40\" class=\"ekit-accordion--toggler elementskit-btn-link collapsed\" data-ekit-toggle=\"collapse\" data-target=\"#Collapse-9e626d269e36a33d6b40\" aria-expanded=\"false\" aria-controls=\"Collapse-9e626d269e36a33d6b40\">\n                            \n                            <span class=\"ekit-accordion-title\">\u00bfEste edificio es propiedad del Hotel Rosarito Beach?<\/span>\n\n                            \n                                <div class=\"ekit_accordion_icon_group\">\n                                    <div class=\"ekit_accordion_normal_icon\">\n                                        <!-- Normal Icon -->\n                                        <i aria-hidden=\"true\" class=\"icon-open icon-right icon icon-down-arrow1\"><\/i>                                    <\/div>\n\n                                    <div class=\"ekit_accordion_active_icon\">\n                                        <!-- Active Icon -->\n                                        <i aria-hidden=\"true\" class=\"icon-closed icon-right icon icon-up-arrow\"><\/i>                                    <\/div>\n\n                                <\/div>\n\n                            \n                                                    <\/a>\n                    <\/div>\n\n                    <div id=\"Collapse-9e626d269e36a33d6b40\" class=\"collapse\" aria-labelledby=\"primaryHeading-1-3b6d509\" data-parent=\"#accordion-69e36a33d6b40\">\n\n                        <div class=\"elementskit-card-body ekit-accordion--content\">\n                            <p>No en su totalidad, a partir de 2024, el 22,39 % pertenece a propietarios del hotel\/entidad RBH. El resto son propietarios que se alojan en su unidad o deciden poner su propiedad en un programa de alquiler de terceros.<\/p>                        <\/div>\n\n                    <\/div>\n\n                <\/div><!-- .elementskit-card END -->\n\n                \n                <div class=\"elementskit-card\">\n                    <div class=\"elementskit-card-header\" id=\"primaryHeading-2-3b6d509\">\n                        <a href=\"#collapse-2e25bb069e36a33d6b40\" class=\"ekit-accordion--toggler elementskit-btn-link collapsed\" data-ekit-toggle=\"collapse\" data-target=\"#Collapse-2e25bb069e36a33d6b40\" aria-expanded=\"false\" aria-controls=\"Collapse-2e25bb069e36a33d6b40\">\n                            \n                            <span class=\"ekit-accordion-title\">\u00bfCuales son las \u00e1reas comunes que puedo utilizar por ley?<\/span>\n\n                            \n                                <div class=\"ekit_accordion_icon_group\">\n                                    <div class=\"ekit_accordion_normal_icon\">\n                                        <!-- Normal Icon -->\n                                        <i aria-hidden=\"true\" class=\"icon-open icon-right icon icon-down-arrow1\"><\/i>                                    <\/div>\n\n                                    <div class=\"ekit_accordion_active_icon\">\n                                        <!-- Active Icon -->\n                                        <i aria-hidden=\"true\" class=\"icon-closed icon-right icon icon-up-arrow\"><\/i>                                    <\/div>\n\n                                <\/div>\n\n                            \n                                                    <\/a>\n                    <\/div>\n\n                    <div id=\"Collapse-2e25bb069e36a33d6b40\" class=\"collapse\" aria-labelledby=\"primaryHeading-2-3b6d509\" data-parent=\"#accordion-69e36a33d6b40\">\n\n                        <div class=\"elementskit-card-body ekit-accordion--content\">\n                            <p>Las zonas comunes del edificio incluyen diversas comodidades pensadas para el descanso y la recreaci\u00f3n. Estas consisten en un acogedor lobby, un gimnasio totalmente equipado y una sala actualmente habilitada como centro de actividades infantiles. Los residentes tambi\u00e9n tienen acceso a dos \u00e1reas de piscinas, una ubicada en el primer piso y otra en la azotea, que ofrecen vistas impresionantes.<\/p>                        <\/div>\n\n                    <\/div>\n\n                <\/div><!-- .elementskit-card END -->\n\n                \n                <div class=\"elementskit-card\">\n                    <div class=\"elementskit-card-header\" id=\"primaryHeading-3-3b6d509\">\n                        <a href=\"#collapse-aa4a14c69e36a33d6b40\" class=\"ekit-accordion--toggler elementskit-btn-link collapsed\" data-ekit-toggle=\"collapse\" data-target=\"#Collapse-aa4a14c69e36a33d6b40\" aria-expanded=\"false\" aria-controls=\"Collapse-aa4a14c69e36a33d6b40\">\n                            \n                            <span class=\"ekit-accordion-title\">\u00bfHay estacionamiento en las instalaciones?<\/span>\n\n                            \n                                <div class=\"ekit_accordion_icon_group\">\n                                    <div class=\"ekit_accordion_normal_icon\">\n                                        <!-- Normal Icon -->\n                                        <i aria-hidden=\"true\" class=\"icon-open icon-right icon icon-down-arrow1\"><\/i>                                    <\/div>\n\n                                    <div class=\"ekit_accordion_active_icon\">\n                                        <!-- Active Icon -->\n                                        <i aria-hidden=\"true\" class=\"icon-closed icon-right icon icon-up-arrow\"><\/i>                                    <\/div>\n\n                                <\/div>\n\n                            \n                                                    <\/a>\n                    <\/div>\n\n                    <div id=\"Collapse-aa4a14c69e36a33d6b40\" class=\"collapse\" aria-labelledby=\"primaryHeading-3-3b6d509\" data-parent=\"#accordion-69e36a33d6b40\">\n\n                        <div class=\"elementskit-card-body ekit-accordion--content\">\n                            <div>S\u00ed, hay una estructura de estacionamiento de varios pisos con mucho espacio de estacionamiento junto al edificio.<\/div>                        <\/div>\n\n                    <\/div>\n\n                <\/div><!-- .elementskit-card END -->\n\n                \n                <div class=\"elementskit-card\">\n                    <div class=\"elementskit-card-header\" id=\"primaryHeading-4-3b6d509\">\n                        <a href=\"#collapse-a6f29cc69e36a33d6b40\" class=\"ekit-accordion--toggler elementskit-btn-link collapsed\" data-ekit-toggle=\"collapse\" data-target=\"#Collapse-a6f29cc69e36a33d6b40\" aria-expanded=\"false\" aria-controls=\"Collapse-a6f29cc69e36a33d6b40\">\n                            \n                            <span class=\"ekit-accordion-title\">\u00bfEs un lugar seguro para quedarse o ser propietario?<\/span>\n\n                            \n                                <div class=\"ekit_accordion_icon_group\">\n                                    <div class=\"ekit_accordion_normal_icon\">\n                                        <!-- Normal Icon -->\n                                        <i aria-hidden=\"true\" class=\"icon-open icon-right icon icon-down-arrow1\"><\/i>                                    <\/div>\n\n                                    <div class=\"ekit_accordion_active_icon\">\n                                        <!-- Active Icon -->\n                                        <i aria-hidden=\"true\" class=\"icon-closed icon-right icon icon-up-arrow\"><\/i>                                    <\/div>\n\n                                <\/div>\n\n                            \n                                                    <\/a>\n                    <\/div>\n\n                    <div id=\"Collapse-a6f29cc69e36a33d6b40\" class=\"collapse\" aria-labelledby=\"primaryHeading-4-3b6d509\" data-parent=\"#accordion-69e36a33d6b40\">\n\n                        <div class=\"elementskit-card-body ekit-accordion--content\">\n                            <p>El edificio cuenta con seguridad las 24 horas. No corres m\u00e1s peligro en Rosarito que en, San Diego.<\/p>                        <\/div>\n\n                    <\/div>\n\n                <\/div><!-- .elementskit-card END -->\n\n                \n                <div class=\"elementskit-card\">\n                    <div class=\"elementskit-card-header\" id=\"primaryHeading-5-3b6d509\">\n                        <a href=\"#collapse-7c6870669e36a33d6b40\" class=\"ekit-accordion--toggler elementskit-btn-link collapsed\" data-ekit-toggle=\"collapse\" data-target=\"#Collapse-7c6870669e36a33d6b40\" aria-expanded=\"false\" aria-controls=\"Collapse-7c6870669e36a33d6b40\">\n                            \n                            <span class=\"ekit-accordion-title\">How and When do I pay my Property Tax?<\/span>\n\n                            \n                                <div class=\"ekit_accordion_icon_group\">\n                                    <div class=\"ekit_accordion_normal_icon\">\n                                        <!-- Normal Icon -->\n                                        <i aria-hidden=\"true\" class=\"icon-open icon-right icon icon-down-arrow1\"><\/i>                                    <\/div>\n\n                                    <div class=\"ekit_accordion_active_icon\">\n                                        <!-- Active Icon -->\n                                        <i aria-hidden=\"true\" class=\"icon-closed icon-right icon icon-up-arrow\"><\/i>                                    <\/div>\n\n                                <\/div>\n\n                            \n                                                    <\/a>\n                    <\/div>\n\n                    <div id=\"Collapse-7c6870669e36a33d6b40\" class=\"collapse\" aria-labelledby=\"primaryHeading-5-3b6d509\" data-parent=\"#accordion-69e36a33d6b40\">\n\n                        <div class=\"elementskit-card-body ekit-accordion--content\">\n                            <p>Property taxes are Due in January. You can pay your property tax, also known as Predial here: <a href=\"https:\/\/www.rosarito.gob.mx\/e-Gobierno\/\">https:\/\/www.rosarito.gob.mx\/e-Gobierno\/<\/a><a href=\"http:\/\/rosaritobeachcondo.com\/wp-content\/uploads\/2025\/01\/PAYTAX.jpg\" target=\"_blank\" rel=\"noopener\"><img fetchpriority=\"high\" decoding=\"async\" class=\"alignnone size-medium wp-image-535\" src=\"http:\/\/rosaritobeachcondo.com\/wp-content\/uploads\/2025\/01\/PAYTAX-277x300.jpg\" alt=\"\" width=\"277\" height=\"300\" srcset=\"https:\/\/rosaritobeachcondo.com\/wp-content\/uploads\/2025\/01\/PAYTAX-277x300.jpg 277w, https:\/\/rosaritobeachcondo.com\/wp-content\/uploads\/2025\/01\/PAYTAX-946x1024.jpg 946w, https:\/\/rosaritobeachcondo.com\/wp-content\/uploads\/2025\/01\/PAYTAX-768x831.jpg 768w, https:\/\/rosaritobeachcondo.com\/wp-content\/uploads\/2025\/01\/PAYTAX-1419x1536.jpg 1419w, https:\/\/rosaritobeachcondo.com\/wp-content\/uploads\/2025\/01\/PAYTAX-11x12.jpg 11w, https:\/\/rosaritobeachcondo.com\/wp-content\/uploads\/2025\/01\/PAYTAX.jpg 1793w\" sizes=\"(max-width: 277px) 100vw, 277px\" \/><\/a><\/p><p>YOU MUST REGISTER IF YOU HAVE NO ACCOUNT. Next your unit number is your code in this format: RB-001-509\u00a0 \u00a0(this means condo 1509)<\/p>                        <\/div>\n\n                    <\/div>\n\n                <\/div><!-- .elementskit-card END -->\n\n                \n                <div class=\"elementskit-card\">\n                    <div class=\"elementskit-card-header\" id=\"primaryHeading-6-3b6d509\">\n                        <a href=\"#collapse-a52c96369e36a33d6b40\" class=\"ekit-accordion--toggler elementskit-btn-link collapsed\" data-ekit-toggle=\"collapse\" data-target=\"#Collapse-a52c96369e36a33d6b40\" aria-expanded=\"false\" aria-controls=\"Collapse-a52c96369e36a33d6b40\">\n                            \n                            <span class=\"ekit-accordion-title\">Water Heater and Sink Trap<\/span>\n\n                            \n                                <div class=\"ekit_accordion_icon_group\">\n                                    <div class=\"ekit_accordion_normal_icon\">\n                                        <!-- Normal Icon -->\n                                        <i aria-hidden=\"true\" class=\"icon-open icon-right icon icon-down-arrow1\"><\/i>                                    <\/div>\n\n                                    <div class=\"ekit_accordion_active_icon\">\n                                        <!-- Active Icon -->\n                                        <i aria-hidden=\"true\" class=\"icon-closed icon-right icon icon-up-arrow\"><\/i>                                    <\/div>\n\n                                <\/div>\n\n                            \n                                                    <\/a>\n                    <\/div>\n\n                    <div id=\"Collapse-a52c96369e36a33d6b40\" class=\"collapse\" aria-labelledby=\"primaryHeading-6-3b6d509\" data-parent=\"#accordion-69e36a33d6b40\">\n\n                        <div class=\"elementskit-card-body ekit-accordion--content\">\n                            <p>What water heater do I need? What Sink Trap do I need? See Link below:<\/p><p><a href=\"http:\/\/rosaritobeachcondo.com\/wp-content\/uploads\/2026\/01\/water-heater-RBH.pdf\">Water-Heater-Sink-Trap-Parts<\/a><\/p>                        <\/div>\n\n                    <\/div>\n\n                <\/div><!-- .elementskit-card END -->\n\n                                                        <script type=\"application\/ld+json\">{\"@context\":\"https:\/\/schema.org\",\"@type\":\"FAQPage\",\"mainEntity\":[{\"@type\":\"Question\",\"name\":\"Is this building a Hotel or Condo?\",\"acceptedAnswer\":{\"@type\":\"Answer\",\"text\":\"<p>The building is 77% privately owned, with many units serving as private residences. Some owners also choose to rent their units through third-party entities or rental programs, depending on their individual preferences and agreements.<\/p>\"}},{\"@type\":\"Question\",\"name\":\"Is this building owned by Rosarito Beach Hotel?\",\"acceptedAnswer\":{\"@type\":\"Answer\",\"text\":\"<p>Not fully, as of 2024, 22.39% is owned by owners of the RBH hotel\/entity. The rest are owners who stay in their unit or decide to put their property in a 3rd\u00a0party rental program.<\/p>\"}},{\"@type\":\"Question\",\"name\":\"What are the common areas that I can use by law?\",\"acceptedAnswer\":{\"@type\":\"Answer\",\"text\":\"<p>The building's common areas include several amenities designed for relaxation and recreation. These consist of a welcoming lobby, a fully equipped gym, and a room currently set up as a children's activity center. Residents also have access to two pool areas\u2014one located on the first floor and another on the rooftop, offering stunning views.<\/p>\"}},{\"@type\":\"Question\",\"name\":\"Is there parking on the premises?\",\"acceptedAnswer\":{\"@type\":\"Answer\",\"text\":\"<div>Yes, there is a multi-story parking structure with plenty of parking by the building.<\/div>\"}},{\"@type\":\"Question\",\"name\":\"Is it safe place to stay or own?\",\"acceptedAnswer\":{\"@type\":\"Answer\",\"text\":\"<p>The building has around the clock security, You're not in more danger in Rosarito than you are in, say, San Diego.<\/p>\"}},{\"@type\":\"Question\",\"name\":\"How and When do I pay my Property Tax?\",\"acceptedAnswer\":{\"@type\":\"Answer\",\"text\":\"<p>Property taxes are Due in January. You can pay your property tax, also known as Predial here: <a href=\\\"https:\/\/www.rosarito.gob.mx\/e-Gobierno\/\\\">https:\/\/www.rosarito.gob.mx\/e-Gobierno\/<\/a><a href=\\\"http:\/\/rosaritobeachcondo.com\/wp-content\/uploads\/2025\/01\/PAYTAX.jpg\\\" target=\\\"_blank\\\" rel=\\\"noopener\\\"><img class=\\\"alignnone size-medium wp-image-535\\\" src=\\\"http:\/\/rosaritobeachcondo.com\/wp-content\/uploads\/2025\/01\/PAYTAX-277x300.jpg\\\" alt=\\\"\\\" width=\\\"277\\\" height=\\\"300\\\" \/><\/a><\/p><p>YOU MUST REGISTER IF YOU HAVE NO ACCOUNT. Next your unit number is your code in this format: RB-001-509\u00a0 \u00a0(this means condo 1509)<\/p>\"}},{\"@type\":\"Question\",\"name\":\"Water Heater and Sink Trap\",\"acceptedAnswer\":{\"@type\":\"Answer\",\"text\":\"<p>What water heater do I need? What Sink Trap do I need? See Link below:<\/p><p><a href=\\\"http:\/\/rosaritobeachcondo.com\/wp-content\/uploads\/2026\/01\/water-heater-RBH.pdf\\\">Water-Heater-Sink-Trap-Parts<\/a><\/p>\"}}]}<\/script>\n                                <\/div>\n    <\/div>\t\t<\/div>\n\t\t\t\t<\/div>\n\t\t\t\t\t<\/div>\n\t\t\t\t<\/div>\n\t\t\t\t<\/div>","protected":false},"excerpt":{"rendered":"<p>FAQ Is this building a Hotel or Condo? The building is 77% privately owned, with many units serving as private [&hellip;]<\/p>","protected":false},"author":1,"featured_media":0,"parent":0,"menu_order":0,"comment_status":"closed","ping_status":"closed","template":"","meta":{"site-sidebar-layout":"no-sidebar","site-content-layout":"","ast-site-content-layout":"full-width-container","site-content-style":"default","site-sidebar-style":"default","ast-global-header-display":"","ast-banner-title-visibility":"","ast-main-header-display":"","ast-hfb-above-header-display":"","ast-hfb-below-header-display":"","ast-hfb-mobile-header-display":"","site-post-title":"disabled","ast-breadcrumbs-content":"","ast-featured-img":"disabled","footer-sml-layout":"","theme-transparent-header-meta":"","adv-header-id-meta":"","stick-header-meta":"","header-above-stick-meta":"","header-main-stick-meta":"","header-below-stick-meta":"","astra-migrate-meta-layouts":"default","ast-page-background-enabled":"default","ast-page-background-meta":{"desktop":{"background-color":"var(--ast-global-color-4)","background-image":"","background-repeat":"repeat","background-position":"center center","background-size":"auto","background-attachment":"scroll","background-type":"","background-media":"","overlay-type":"","overlay-color":"","overlay-opacity":"","overlay-gradient":""},"tablet":{"background-color":"","background-image":"","background-repeat":"repeat","background-position":"center center","background-size":"auto","background-attachment":"scroll","background-type":"","background-media":"","overlay-type":"","overlay-color":"","overlay-opacity":"","overlay-gradient":""},"mobile":{"background-color":"","background-image":"","background-repeat":"repeat","background-position":"center center","background-size":"auto","background-attachment":"scroll","background-type":"","background-media":"","overlay-type":"","overlay-color":"","overlay-opacity":"","overlay-gradient":""}},"ast-content-background-meta":{"desktop":{"background-color":"var(--ast-global-color-5)","background-image":"","background-repeat":"repeat","background-position":"center center","background-size":"auto","background-attachment":"scroll","background-type":"","background-media":"","overlay-type":"","overlay-color":"","overlay-opacity":"","overlay-gradient":""},"tablet":{"background-color":"var(--ast-global-color-5)","background-image":"","background-repeat":"repeat","background-position":"center center","background-size":"auto","background-attachment":"scroll","background-type":"","background-media":"","overlay-type":"","overlay-color":"","overlay-opacity":"","overlay-gradient":""},"mobile":{"background-color":"var(--ast-global-color-5)","background-image":"","background-repeat":"repeat","background-position":"center center","background-size":"auto","background-attachment":"scroll","background-type":"","background-media":"","overlay-type":"","overlay-color":"","overlay-opacity":"","overlay-gradient":""}},"footnotes":""},"class_list":["post-448","page","type-page","status-publish","hentry"],"_links":{"self":[{"href":"https:\/\/rosaritobeachcondo.com\/es\/wp-json\/wp\/v2\/pages\/448","targetHints":{"allow":["GET"]}}],"collection":[{"href":"https:\/\/rosaritobeachcondo.com\/es\/wp-json\/wp\/v2\/pages"}],"about":[{"href":"https:\/\/rosaritobeachcondo.com\/es\/wp-json\/wp\/v2\/types\/page"}],"author":[{"embeddable":true,"href":"https:\/\/rosaritobeachcondo.com\/es\/wp-json\/wp\/v2\/users\/1"}],"replies":[{"embeddable":true,"href":"https:\/\/rosaritobeachcondo.com\/es\/wp-json\/wp\/v2\/comments?post=448"}],"version-history":[{"count":55,"href":"https:\/\/rosaritobeachcondo.com\/es\/wp-json\/wp\/v2\/pages\/448\/revisions"}],"predecessor-version":[{"id":558,"href":"https:\/\/rosaritobeachcondo.com\/es\/wp-json\/wp\/v2\/pages\/448\/revisions\/558"}],"wp:attachment":[{"href":"https:\/\/rosaritobeachcondo.com\/es\/wp-json\/wp\/v2\/media?parent=448"}],"curies":[{"name":"wp","href":"https:\/\/api.w.org\/{rel}","templated":true}]}}